{"id":566,"date":"2024-04-17T10:13:26","date_gmt":"2024-04-17T16:13:26","guid":{"rendered":"https:\/\/oliviafoundation.mx\/contact\/"},"modified":"2024-04-17T17:43:09","modified_gmt":"2024-04-17T23:43:09","slug":"contacto","status":"publish","type":"page","link":"https:\/\/oliviafoundation.ronindev.today\/es\/contacto\/","title":{"rendered":"Contacto"},"content":{"rendered":"\t\t<div data-elementor-type=\"wp-page\" data-elementor-id=\"566\" class=\"elementor elementor-566 elementor-515\" data-elementor-post-type=\"page\">\n\t\t\t\t<div class=\"elementor-element elementor-element-ca48e71 e-con-full e-flex e-con e-parent\" data-id=\"ca48e71\" data-element_type=\"container\" data-settings=\"{&quot;background_background&quot;:&quot;classic&quot;}\">\n\t\t\t\t<div class=\"elementor-element elementor-element-4dacc87 elementor-widget elementor-widget-heading\" data-id=\"4dacc87\" data-element_type=\"widget\" data-widget_type=\"heading.default\">\n\t\t\t\t<div class=\"elementor-widget-container\">\n\t\t\t\t\t<h2 class=\"elementor-heading-title elementor-size-default\">Contacto<\/h2>\t\t\t\t<\/div>\n\t\t\t\t<\/div>\n\t\t\t\t<div class=\"elementor-element elementor-element-8e219e1 elementor-widget elementor-widget-text-editor\" data-id=\"8e219e1\" data-element_type=\"widget\" data-widget_type=\"text-editor.default\">\n\t\t\t\t<div class=\"elementor-widget-container\">\n\t\t\t\t\t\t\t\t\t<p><strong>Direcci\u00f3n<\/strong><\/p><p>Tonal\u00e1 46<br \/>Roma Norte<br \/>Cuauht\u00e9moc, 06700<br \/>Ciudad de M\u00e9xico<\/p><p><a href=\"\/es\/reserva-una-visita\/\" rel=\"noopener\">Reserva tu visita aqu\u00ed &gt;<\/a><\/p><p><strong>Correo electr\u00f3nico<\/strong><\/p><p><a href=\"mailto:info@oliviafoundation.mx\" target=\"_blank\" rel=\"noopener\">info@oliviafoundation.mx<\/a><\/p><p><strong>Instagram<\/strong><\/p><p><a href=\"https:\/\/www.instagram.com\/oliviafoundation\" target=\"_blank\" rel=\"noopener\">@oliviafoundation<\/a><\/p>\t\t\t\t\t\t\t\t<\/div>\n\t\t\t\t<\/div>\n\t\t\t\t<\/div>\n\t\t\t\t<\/div>\n\t\t","protected":false},"excerpt":{"rendered":"<p>Contacto Direcci\u00f3n Tonal\u00e1 46Roma NorteCuauht\u00e9moc, 06700Ciudad de M\u00e9xico Reserva tu visita aqu\u00ed &gt; Correo electr\u00f3nico info@oliviafoundation.mx Instagram @oliviafoundation<\/p>\n","protected":false},"author":1,"featured_media":0,"parent":0,"menu_order":0,"comment_status":"closed","ping_status":"closed","template":"","meta":{"_acf_changed":false,"inline_featured_image":false,"footnotes":""},"class_list":["post-566","page","type-page","status-publish","hentry"],"acf":[],"_links":{"self":[{"href":"https:\/\/oliviafoundation.ronindev.today\/es\/wp-json\/wp\/v2\/pages\/566","targetHints":{"allow":["GET"]}}],"collection":[{"href":"https:\/\/oliviafoundation.ronindev.today\/es\/wp-json\/wp\/v2\/pages"}],"about":[{"href":"https:\/\/oliviafoundation.ronindev.today\/es\/wp-json\/wp\/v2\/types\/page"}],"author":[{"embeddable":true,"href":"https:\/\/oliviafoundation.ronindev.today\/es\/wp-json\/wp\/v2\/users\/1"}],"replies":[{"embeddable":true,"href":"https:\/\/oliviafoundation.ronindev.today\/es\/wp-json\/wp\/v2\/comments?post=566"}],"version-history":[{"count":7,"href":"https:\/\/oliviafoundation.ronindev.today\/es\/wp-json\/wp\/v2\/pages\/566\/revisions"}],"predecessor-version":[{"id":620,"href":"https:\/\/oliviafoundation.ronindev.today\/es\/wp-json\/wp\/v2\/pages\/566\/revisions\/620"}],"wp:attachment":[{"href":"https:\/\/oliviafoundation.ronindev.today\/es\/wp-json\/wp\/v2\/media?parent=566"}],"curies":[{"name":"wp","href":"https:\/\/api.w.org\/{rel}","templated":true}]}}