{"id":567,"date":"2024-04-17T10:09:52","date_gmt":"2024-04-17T16:09:52","guid":{"rendered":"https:\/\/oliviafoundation.mx\/about\/"},"modified":"2024-05-20T12:37:44","modified_gmt":"2024-05-20T18:37:44","slug":"acerca-de","status":"publish","type":"page","link":"https:\/\/oliviafoundation.ronindev.today\/es\/acerca-de\/","title":{"rendered":"Acerca de"},"content":{"rendered":"\t\t<div data-elementor-type=\"wp-page\" data-elementor-id=\"567\" class=\"elementor elementor-567 elementor-507\" data-elementor-post-type=\"page\">\n\t\t\t\t<div class=\"elementor-element elementor-element-ca48e71 e-con-full e-flex e-con e-parent\" data-id=\"ca48e71\" data-element_type=\"container\" data-settings=\"{&quot;background_background&quot;:&quot;classic&quot;}\">\n\t\t\t\t<div class=\"elementor-element elementor-element-4dacc87 elementor-widget elementor-widget-heading\" data-id=\"4dacc87\" data-element_type=\"widget\" data-widget_type=\"heading.default\">\n\t\t\t\t<div class=\"elementor-widget-container\">\n\t\t\t\t\t<h2 class=\"elementor-heading-title elementor-size-default\">Acerca de<\/h2>\t\t\t\t<\/div>\n\t\t\t\t<\/div>\n\t\t\t\t<div class=\"elementor-element elementor-element-686bdf7 elementor-widget elementor-widget-video\" data-id=\"686bdf7\" data-element_type=\"widget\" data-settings=\"{&quot;video_type&quot;:&quot;hosted&quot;,&quot;autoplay&quot;:&quot;yes&quot;,&quot;mute&quot;:&quot;yes&quot;,&quot;controls&quot;:&quot;yes&quot;}\" data-widget_type=\"video.default\">\n\t\t\t\t<div class=\"elementor-widget-container\">\n\t\t\t\t\t\t\t<div class=\"e-hosted-video elementor-wrapper elementor-open-inline\">\n\t\t\t\t\t<video class=\"elementor-video\" src=\"https:\/\/oliviafoundation.ronindev.today\/wp-content\/uploads\/2024\/05\/Olivia.mp4\" autoplay=\"\" controls=\"\" muted=\"muted\" controlsList=\"nodownload\"><\/video>\n\t\t\t\t<\/div>\n\t\t\t\t\t\t<\/div>\n\t\t\t\t<\/div>\n\t\t\t\t<div class=\"elementor-element elementor-element-8e219e1 elementor-widget elementor-widget-text-editor\" data-id=\"8e219e1\" data-element_type=\"widget\" data-widget_type=\"text-editor.default\">\n\t\t\t\t<div class=\"elementor-widget-container\">\n\t\t\t\t\t\t\t\t\t<p class=\"p1\">La Fundaci\u00f3n Olivia es un espacio de exposici\u00f3n en la colonia Roma de Ciudad de M\u00e9xico, que muestra obras de arte de la Colecci\u00f3n Olivia, cuyo enfoque es el arte abstracto desde la posguerra hasta la actualidad. Las obras est\u00e1n unificadas por su est\u00e9tica y exploraci\u00f3n del color, la materialidad y la forma.<\/p><p class=\"p1\">La colecci\u00f3n privada est\u00e1 alojada en una casa de principios del siglo XX, reimaginada por los arquitectos Alberto Kalach y Carlos Zedillo.<\/p>\t\t\t\t\t\t\t\t<\/div>\n\t\t\t\t<\/div>\n\t\t\t\t<\/div>\n\t\t\t\t<\/div>\n\t\t","protected":false},"excerpt":{"rendered":"<p>Acerca de https:\/\/oliviafoundation.ronindev.today\/wp-content\/uploads\/2024\/05\/Olivia.mp4 La Fundaci\u00f3n Olivia es un espacio de exposici\u00f3n en la colonia Roma de Ciudad de M\u00e9xico, que muestra obras de arte de la Colecci\u00f3n Olivia, cuyo enfoque es el arte abstracto desde la posguerra hasta la actualidad. Las obras est\u00e1n unificadas por su est\u00e9tica y exploraci\u00f3n del color, la materialidad y la [&hellip;]<\/p>\n","protected":false},"author":1,"featured_media":0,"parent":0,"menu_order":0,"comment_status":"closed","ping_status":"closed","template":"","meta":{"_acf_changed":false,"inline_featured_image":false,"footnotes":""},"class_list":["post-567","page","type-page","status-publish","hentry"],"acf":[],"_links":{"self":[{"href":"https:\/\/oliviafoundation.ronindev.today\/es\/wp-json\/wp\/v2\/pages\/567","targetHints":{"allow":["GET"]}}],"collection":[{"href":"https:\/\/oliviafoundation.ronindev.today\/es\/wp-json\/wp\/v2\/pages"}],"about":[{"href":"https:\/\/oliviafoundation.ronindev.today\/es\/wp-json\/wp\/v2\/types\/page"}],"author":[{"embeddable":true,"href":"https:\/\/oliviafoundation.ronindev.today\/es\/wp-json\/wp\/v2\/users\/1"}],"replies":[{"embeddable":true,"href":"https:\/\/oliviafoundation.ronindev.today\/es\/wp-json\/wp\/v2\/comments?post=567"}],"version-history":[{"count":29,"href":"https:\/\/oliviafoundation.ronindev.today\/es\/wp-json\/wp\/v2\/pages\/567\/revisions"}],"predecessor-version":[{"id":820,"href":"https:\/\/oliviafoundation.ronindev.today\/es\/wp-json\/wp\/v2\/pages\/567\/revisions\/820"}],"wp:attachment":[{"href":"https:\/\/oliviafoundation.ronindev.today\/es\/wp-json\/wp\/v2\/media?parent=567"}],"curies":[{"name":"wp","href":"https:\/\/api.w.org\/{rel}","templated":true}]}}