{"id":569,"date":"2024-02-28T05:33:37","date_gmt":"2024-02-28T11:33:37","guid":{"rendered":"https:\/\/oliviafoundation.mx\/privacy-policy\/"},"modified":"2024-04-29T17:23:06","modified_gmt":"2024-04-29T23:23:06","slug":"politica-de-privacidad","status":"publish","type":"page","link":"https:\/\/oliviafoundation.ronindev.today\/es\/politica-de-privacidad\/","title":{"rendered":"Pol\u00edtica de privacidad"},"content":{"rendered":"\t\t<div data-elementor-type=\"wp-page\" data-elementor-id=\"569\" class=\"elementor elementor-569 elementor-339\" data-elementor-post-type=\"page\">\n\t\t\t\t<div class=\"elementor-element elementor-element-f0af9a4 e-con-full e-flex e-con e-parent\" data-id=\"f0af9a4\" data-element_type=\"container\" data-settings=\"{&quot;background_background&quot;:&quot;classic&quot;}\">\n\t\t\t\t<div class=\"elementor-element elementor-element-c4e3f8b elementor-widget elementor-widget-heading\" data-id=\"c4e3f8b\" data-element_type=\"widget\" data-widget_type=\"heading.default\">\n\t\t\t\t<div class=\"elementor-widget-container\">\n\t\t\t\t\t<h2 class=\"elementor-heading-title elementor-size-default\">Pol\u00edtica de privacidad<\/h2>\t\t\t\t<\/div>\n\t\t\t\t<\/div>\n\t\t\t\t<div class=\"elementor-element elementor-element-bf0919f elementor-widget elementor-widget-text-editor\" data-id=\"bf0919f\" data-element_type=\"widget\" data-widget_type=\"text-editor.default\">\n\t\t\t\t<div class=\"elementor-widget-container\">\n\t\t\t\t\t\t\t\t\t<p>Esta declaraci\u00f3n rige nuestras pol\u00edticas de privacidad con respecto a los usuarios del Sitio (\u00abVisitantes\u00bb) que lo visitan sin realizar transacciones comerciales y a los Visitantes que se registran para realizar transacciones comerciales en el Sitio y hacen uso de los distintos servicios que ofrece (denominados colectivamente \u00abServicios\u00bb) (\u00abClientes autorizados\u00bb).<\/p>\n<p><span style=\"font-weight: bold;\">\u00abInformaci\u00f3n personal identificable\u00bb  <\/span><\/p>\n<p>se refiere a cualquier informaci\u00f3n que identifique o pueda utilizarse para identificar, contactar o localizar a la persona a la que pertenece dicha informaci\u00f3n, incluidos, entre otros, el nombre, la direcci\u00f3n, el n\u00famero de tel\u00e9fono, el n\u00famero de fax, la direcci\u00f3n de correo electr\u00f3nico, los perfiles financieros, el n\u00famero de la seguridad social y la informaci\u00f3n de la tarjeta de cr\u00e9dito. La Informaci\u00f3n Personalmente Identificable no incluye la informaci\u00f3n que se recoge de forma an\u00f3nima (es decir, sin identificaci\u00f3n del usuario individual) ni la informaci\u00f3n demogr\u00e1fica no relacionada con un individuo identificado.<\/p>\n<p><span style=\"font-weight: bold;\">\u00bfQu\u00e9 datos de identificaci\u00f3n personal se recogen?  <\/span><\/p>\n<p>Podemos recopilar informaci\u00f3n b\u00e1sica sobre el perfil de usuario de todos nuestros Visitantes. Recopilamos la siguiente informaci\u00f3n adicional de nuestros Clientes Autorizados: los nombres, direcciones, n\u00fameros de tel\u00e9fono y direcciones de correo electr\u00f3nico de los Clientes Autorizados, la naturaleza y el tama\u00f1o del negocio, y la naturaleza y el tama\u00f1o del inventario publicitario que el Cliente Autorizado pretende comprar o vender.<\/p>\n<p><span style=\"font-weight: bold;\">\u00bfQu\u00e9 organizaciones recopilan la informaci\u00f3n?  <\/span><\/p>\n<p>Adem\u00e1s de nuestra recopilaci\u00f3n directa de informaci\u00f3n, nuestros proveedores de servicios externos (como empresas de tarjetas de cr\u00e9dito, c\u00e1maras de compensaci\u00f3n y bancos) que pueden proporcionar servicios como cr\u00e9ditos, seguros y servicios de custodia pueden recopilar esta informaci\u00f3n de nuestros Visitantes y Clientes Autorizados. No controlamos la forma en que estos terceros utilizan dicha informaci\u00f3n, pero les pedimos que revelen c\u00f3mo utilizan la informaci\u00f3n personal que les proporcionan los Visitantes y Clientes Autorizados. Algunos de estos terceros pueden ser intermediarios que act\u00faan \u00fanicamente como eslabones de la cadena de distribuci\u00f3n, y no almacenan, conservan ni utilizan la informaci\u00f3n que se les facilita.<\/p>\n<p><span style=\"font-weight: bold;\">\u00bfC\u00f3mo utiliza el Sitio la Informaci\u00f3n Personal Identificable?<\/span><\/p>\n<p>Utilizamos los Datos Personales para personalizar el Sitio, para hacer ofertas de servicio adecuadas y para satisfacer las solicitudes de compra y venta en el Sitio. Podemos enviar correos electr\u00f3nicos a los Visitantes y Clientes Autorizados sobre investigaciones u oportunidades de compra y venta en el Sitio o informaci\u00f3n relacionada con el tema del Sitio. Tambi\u00e9n podemos utilizar Datos de Identificaci\u00f3n Personal para ponernos en contacto con Visitantes y Clientes Autorizados en respuesta a consultas espec\u00edficas, o para proporcionar la informaci\u00f3n solicitada.<\/p>\n<p><span style=\"font-weight: bold;\">\u00bfCon qui\u00e9n se puede compartir la informaci\u00f3n?<\/span><\/p>\n<p>Los Datos de Identificaci\u00f3n Personal de los Clientes Autorizados pueden compartirse con otros Clientes Autorizados que deseen evaluar posibles transacciones con otros Clientes Autorizados. Podemos compartir informaci\u00f3n agregada sobre nuestros Visitantes, incluidos los datos demogr\u00e1ficos de nuestros Visitantes y Clientes Autorizados, con nuestras agencias afiliadas y proveedores externos. Tambi\u00e9n ofrecemos la oportunidad de \u00abexcluirte\u00bb de recibir informaci\u00f3n o ser contactado por nosotros o por cualquier agencia que act\u00fae en nuestro nombre.<\/p>\n<p><span style=\"font-weight: bold;\">\u00bfC\u00f3mo se almacenan los Datos de Identificaci\u00f3n Personal?<\/span><\/p>\n<p>La Informaci\u00f3n de Identificaci\u00f3n Personal recopilada por se almacena de forma segura y no es accesible a terceros o empleados de excepto para su uso como se ha indicado anteriormente.<\/p>\n<p><span style=\"font-weight: bold;\">\u00bfQu\u00e9 opciones tienen los Visitantes respecto a la recogida, uso y distribuci\u00f3n de la informaci\u00f3n?<\/span><\/p>\n<p>Los Visitantes y Clientes Autorizados pueden optar por no recibir informaci\u00f3n no solicitada ni ser contactados por nosotros y\/o nuestros proveedores y agencias afiliadas respondiendo a los correos electr\u00f3nicos seg\u00fan las instrucciones, o poni\u00e9ndose en contacto con nosotros en<\/p>\n<p><span style=\"font-weight: bold;\">\u00bfSe utilizan cookies en el Sitio?<\/span><\/p>\n<p>Las cookies se utilizan por varias razones. Utilizamos Cookies para obtener informaci\u00f3n sobre las preferencias de nuestros Visitantes y los servicios que seleccionan. Tambi\u00e9n utilizamos Cookies con fines de seguridad para proteger a nuestros Clientes Autorizados. Por ejemplo, si un Cliente Autorizado est\u00e1 conectado y el sitio no se utiliza durante m\u00e1s de 10 minutos, cerraremos autom\u00e1ticamente la sesi\u00f3n del Cliente Autorizado.<\/p>\n<p><span style=\"font-weight: bold;\">\u00bfC\u00f3mo se utilizan los datos de acceso?  <\/span><\/p>\n<p>utiliza la informaci\u00f3n de acceso, incluyendo, entre otros, direcciones IP, ISP y tipos de navegador, para analizar tendencias, administrar el Sitio, rastrear el movimiento y uso de un usuario y recopilar informaci\u00f3n demogr\u00e1fica general.<\/p>\n<p><span style=\"font-weight: bold;\">\u00bfQu\u00e9 socios o proveedores de servicios tienen acceso a los Datos Personales de los Visitantes y\/o Clientes Autorizados del Sitio?<\/span><\/p>\n<p>ha establecido y continuar\u00e1 estableciendo asociaciones y otras afiliaciones con una serie de proveedores, que pueden tener acceso a determinados Datos de Identificaci\u00f3n Personal cuando sea necesario para evaluar a los Clientes Autorizados en cuanto a la elegibilidad para el servicio. Nuestra pol\u00edtica de privacidad no cubre su recogida o uso de esta informaci\u00f3n. Divulgaci\u00f3n de Informaci\u00f3n de Identificaci\u00f3n Personal para cumplir la ley. Revelaremos Datos de Identificaci\u00f3n Personal para cumplir una orden o citaci\u00f3n judicial o una petici\u00f3n de un organismo encargado de hacer cumplir la ley para revelar informaci\u00f3n. Tambi\u00e9n revelaremos Informaci\u00f3n de Identificaci\u00f3n Personal cuando sea razonablemente necesario para proteger la seguridad de nuestros Visitantes y Clientes Autorizados.<\/p>\n<p><span style=\"font-weight: bold;\">\u00bfC\u00f3mo mantiene seguro el Sitio la Informaci\u00f3n Personal Identificable?<\/span><\/p>\n<p>Todos nuestros empleados conocen nuestra pol\u00edtica y pr\u00e1cticas de seguridad. Los Datos de Identificaci\u00f3n Personal de nuestros Visitantes y Clientes Autorizados s\u00f3lo son accesibles a un n\u00famero limitado de empleados cualificados a los que se proporciona una contrase\u00f1a para acceder a la informaci\u00f3n. Realizamos auditor\u00edas peri\u00f3dicas de nuestros sistemas y procesos de seguridad. La informaci\u00f3n sensible, como n\u00fameros de tarjetas de cr\u00e9dito o de la seguridad social, est\u00e1 protegida por protocolos de encriptaci\u00f3n, establecidos para proteger la informaci\u00f3n enviada por Internet. Aunque tomamos medidas comercialmente razonables para mantener un sitio seguro, las comunicaciones electr\u00f3nicas y las bases de datos est\u00e1n sujetas a errores, manipulaciones y allanamientos, y no podemos garantizar ni asegurar que tales hechos no se produzcan, por lo que no seremos responsables ante los Visitantes o Clientes Autorizados por tales sucesos.<\/p>\n<p><span style=\"font-weight: bold;\">\u00bfC\u00f3mo pueden los Visitantes corregir cualquier inexactitud en la Informaci\u00f3n de Identificaci\u00f3n Personal?<\/span><\/p>\n<p>Los Visitantes y Clientes Autorizados pueden ponerse en contacto con nosotros para actualizar la Informaci\u00f3n Personal Identificable sobre ellos o para corregir cualquier inexactitud envi\u00e1ndonos un correo electr\u00f3nico a<\/p>\n<p><span style=\"font-weight: bold;\">\u00bfPuede un Visitante eliminar o desactivar la Informaci\u00f3n de Identificaci\u00f3n Personal recogida por el Sitio?<\/span><\/p>\n<p>Proporcionamos a los Visitantes y Clientes Autorizados un mecanismo para eliminar\/desactivar la Informaci\u00f3n de Identificaci\u00f3n Personal de la base de datos del Sitio poni\u00e9ndose en contacto con . Sin embargo, debido a las copias de seguridad y a los registros de eliminaciones, puede ser imposible eliminar la entrada de un Visitante sin conservar alguna informaci\u00f3n residual. A un individuo que solicite que se le desactive la Informaci\u00f3n de Identificaci\u00f3n Personal se le borrar\u00e1 funcionalmente esta informaci\u00f3n, y no venderemos, transferiremos ni utilizaremos la Informaci\u00f3n de Identificaci\u00f3n Personal relativa a ese individuo de ninguna manera en el futuro.<\/p>\n<p><span style=\"font-weight: bold;\">\u00bfQu\u00e9 ocurre si cambia la Pol\u00edtica de privacidad?<\/span><\/p>\n<p>Informaremos a nuestros Visitantes y Clientes Autorizados de los cambios en nuestra pol\u00edtica de privacidad publicando dichos cambios en el Sitio. Sin embargo, si cambiamos nuestra pol\u00edtica de privacidad de forma que pueda causar la divulgaci\u00f3n de Datos de Identificaci\u00f3n Personal que un Visitante o Cliente Autorizado haya solicitado previamente que no se divulguen, nos pondremos en contacto con dicho Visitante o Cliente Autorizado para permitir que dicho Visitante o Cliente Autorizado impida dicha divulgaci\u00f3n.<\/p>\n<p><span style=\"font-weight: bold;\">Enlaces:<\/span><\/p>\n<p>contiene enlaces a otros sitios web. Ten en cuenta que cuando pulsas uno de estos enlaces, pasas a otro sitio web. Te animamos a que leas las declaraciones de privacidad de estos sitios enlazados, ya que sus pol\u00edticas de privacidad pueden diferir de la nuestra.<\/p>\n\t\t\t\t\t\t\t\t<\/div>\n\t\t\t\t<\/div>\n\t\t\t\t<\/div>\n\t\t\t\t<\/div>\n\t\t","protected":false},"excerpt":{"rendered":"<p>Pol\u00edtica de privacidad Esta declaraci\u00f3n rige nuestras pol\u00edticas de privacidad con respecto a los usuarios del Sitio (\u00abVisitantes\u00bb) que lo visitan sin realizar transacciones comerciales y a los Visitantes que se registran para realizar transacciones comerciales en el Sitio y hacen uso de los distintos servicios que ofrece (denominados colectivamente \u00abServicios\u00bb) (\u00abClientes autorizados\u00bb). \u00abInformaci\u00f3n personal [&hellip;]<\/p>\n","protected":false},"author":1,"featured_media":0,"parent":0,"menu_order":0,"comment_status":"closed","ping_status":"closed","template":"","meta":{"_acf_changed":false,"inline_featured_image":false,"footnotes":""},"class_list":["post-569","page","type-page","status-publish","hentry"],"acf":[],"_links":{"self":[{"href":"https:\/\/oliviafoundation.ronindev.today\/es\/wp-json\/wp\/v2\/pages\/569","targetHints":{"allow":["GET"]}}],"collection":[{"href":"https:\/\/oliviafoundation.ronindev.today\/es\/wp-json\/wp\/v2\/pages"}],"about":[{"href":"https:\/\/oliviafoundation.ronindev.today\/es\/wp-json\/wp\/v2\/types\/page"}],"author":[{"embeddable":true,"href":"https:\/\/oliviafoundation.ronindev.today\/es\/wp-json\/wp\/v2\/users\/1"}],"replies":[{"embeddable":true,"href":"https:\/\/oliviafoundation.ronindev.today\/es\/wp-json\/wp\/v2\/comments?post=569"}],"version-history":[{"count":2,"href":"https:\/\/oliviafoundation.ronindev.today\/es\/wp-json\/wp\/v2\/pages\/569\/revisions"}],"predecessor-version":[{"id":658,"href":"https:\/\/oliviafoundation.ronindev.today\/es\/wp-json\/wp\/v2\/pages\/569\/revisions\/658"}],"wp:attachment":[{"href":"https:\/\/oliviafoundation.ronindev.today\/es\/wp-json\/wp\/v2\/media?parent=569"}],"curies":[{"name":"wp","href":"https:\/\/api.w.org\/{rel}","templated":true}]}}