{"id":570,"date":"2024-02-28T05:26:48","date_gmt":"2024-02-28T11:26:48","guid":{"rendered":"https:\/\/oliviafoundation.mx\/terms-conditions\/"},"modified":"2024-04-29T17:23:12","modified_gmt":"2024-04-29T23:23:12","slug":"condiciones-generales","status":"publish","type":"page","link":"https:\/\/oliviafoundation.ronindev.today\/es\/condiciones-generales\/","title":{"rendered":"Condiciones generales"},"content":{"rendered":"\t\t<div data-elementor-type=\"wp-page\" data-elementor-id=\"570\" class=\"elementor elementor-570 elementor-322\" data-elementor-post-type=\"page\">\n\t\t\t\t<div class=\"elementor-element elementor-element-f0af9a4 e-con-full e-flex e-con e-parent\" data-id=\"f0af9a4\" data-element_type=\"container\" data-settings=\"{&quot;background_background&quot;:&quot;classic&quot;}\">\n\t\t\t\t<div class=\"elementor-element elementor-element-c4e3f8b elementor-widget elementor-widget-heading\" data-id=\"c4e3f8b\" data-element_type=\"widget\" data-widget_type=\"heading.default\">\n\t\t\t\t<div class=\"elementor-widget-container\">\n\t\t\t\t\t<h2 class=\"elementor-heading-title elementor-size-default\">Condiciones generales<\/h2>\t\t\t\t<\/div>\n\t\t\t\t<\/div>\n\t\t\t\t<div class=\"elementor-element elementor-element-bf0919f elementor-widget elementor-widget-text-editor\" data-id=\"bf0919f\" data-element_type=\"widget\" data-widget_type=\"text-editor.default\">\n\t\t\t\t<div class=\"elementor-widget-container\">\n\t\t\t\t\t\t\t\t\t<p>Estas Condiciones regulan tu acceso y uso de todos los contenidos, Productos y Servicios disponibles en el sitio web (el \u00abServicio\u00bb) operado por (\u00abnosotros\u00bb o \u00abnuestro\u00bb).<\/p>\n<p>Tu acceso a nuestros servicios est\u00e1 sujeto a tu aceptaci\u00f3n, sin modificaciones, de todos los t\u00e9rminos y condiciones aqu\u00ed contenidos y de todas las dem\u00e1s normas y pol\u00edticas de funcionamiento publicadas y que podamos publicar peri\u00f3dicamente.<\/p>\n<p>Lee atentamente el Acuerdo antes de acceder o utilizar nuestros Servicios. Al acceder o utilizar cualquier parte de nuestros Servicios, aceptas quedar vinculado por estas Condiciones. Si no est\u00e1s de acuerdo con alguna parte de las condiciones del Contrato, no podr\u00e1s acceder a nuestros Servicios ni utilizarlos.<\/p>\n<h2>Propiedad intelectual<\/h2>\n<p>El Acuerdo no transfiere de Nosotros a ti ninguna propiedad intelectual nuestra o de terceros, y todos los derechos, t\u00edtulos e intereses sobre dicha propiedad permanecer\u00e1n (entre las partes) \u00fanicamente con y sus licenciantes.<\/p>\n<h3>Servicios de terceros<\/h3>\n<p>Al utilizar los Servicios, puedes utilizar servicios, productos, software, incrustaciones o aplicaciones de terceros desarrollados por terceros (\u00abServicios de Terceros\u00bb).<\/p>\n<p>Si utilizas Servicios de Terceros, entiendes que:<\/p>\n<ul>\n<li>Cualquier uso de un Servicio de Terceros corre por tu cuenta y riesgo, y no seremos responsables ante nadie de los sitios web o Servicios de Terceros.<\/li>\n<li>Reconoces y aceptas que no seremos responsables de ning\u00fan da\u00f1o o p\u00e9rdida causados o supuestamente causados por o en conexi\u00f3n con el uso de cualquier contenido, bienes o servicios disponibles en o a trav\u00e9s de dichos sitios web o servicios.<\/li>\n<\/ul>\n<h2>Cuentas<\/h2>\n<p>Cuando el uso de cualquier parte de nuestros Servicios requiera una cuenta, aceptas proporcionarnos informaci\u00f3n completa y precisa cuando te registres para obtener una cuenta.<\/p>\n<p>Ser\u00e1s el \u00fanico responsable de cualquier actividad que se produzca en tu cuenta. Eres responsable de mantener actualizada la informaci\u00f3n de tu cuenta y de mantener segura tu contrase\u00f1a.<\/p>\n<p>Eres responsable de mantener la seguridad de la cuenta que utilizas para acceder al Servicio. No compartir\u00e1s ni har\u00e1s mal uso de tus credenciales de acceso. Debes notificarnos inmediatamente cualquier uso no autorizado de tu cuenta o cuando tengas conocimiento de cualquier otra violaci\u00f3n de la seguridad.<\/p>\n<h2>Terminaci\u00f3n<\/h2>\n<p>Podemos terminar o suspender tu acceso a todos o parte de nuestros Servicios en cualquier momento, con o sin causa, con o sin previo aviso, con efecto inmediato.<\/p>\n<p>Si deseas rescindir el Acuerdo o tu cuenta, puedes simplemente dejar de utilizar nuestros Servicios.<\/p>\n<p>Todas las disposiciones del Acuerdo que por su naturaleza deban sobrevivir a la rescisi\u00f3n, sobrevivir\u00e1n a la rescisi\u00f3n, incluyendo, sin limitaci\u00f3n, las disposiciones de propiedad, las renuncias de garant\u00eda, la indemnizaci\u00f3n y las limitaciones de responsabilidad.<\/p>\n<h2>Descargo de responsabilidad<\/h2>\n<p>Nuestros Servicios se prestan \u00abTAL CUAL\u00bb y \u00abSEG\u00daN DISPONIBILIDAD\u00bb. y sus proveedores y licenciantes renuncian por la presente a todas las garant\u00edas de cualquier tipo, expresas o impl\u00edcitas, incluidas, sin limitaci\u00f3n, las garant\u00edas de comerciabilidad, idoneidad para un fin determinado y no infracci\u00f3n. Ni , ni sus proveedores y licenciantes, garantizan que nuestros Servicios est\u00e9n libres de errores o que el acceso a los mismos sea continuo o ininterrumpido. Entiendes que descargas u obtienes contenidos o servicios a trav\u00e9s de nuestros Servicios bajo tu propia discreci\u00f3n y riesgo.<\/p>\n<h3>Jurisdicci\u00f3n y ley aplicable<\/h3>\n<p>Salvo en la medida en que alguna ley aplicable disponga lo contrario, el Contrato y cualquier acceso o uso de nuestros Servicios se regir\u00e1n por las leyes de .<\/p>\n<p>El lugar adecuado para cualquier disputa que surja de o est\u00e9 relacionada con el Acuerdo y cualquier acceso o uso de nuestros Servicios ser\u00e1n los tribunales estatales y federales ubicados en .<\/p>\n<h2>Cambios<\/h2>\n<p>se reserva el derecho, a su entera discreci\u00f3n, de modificar o sustituir estas Condiciones en cualquier momento.<\/p>\n<p>Si realizamos cambios que sean sustanciales, te lo haremos saber public\u00e1ndolos en nuestro sitio web, o envi\u00e1ndote un correo electr\u00f3nico u otra comunicaci\u00f3n antes de que los cambios entren en vigor. El aviso designar\u00e1 un plazo razonable tras el cual entrar\u00e1n en vigor las nuevas condiciones.<\/p>\n<p>Si no est\u00e1s de acuerdo con nuestros cambios, debes dejar de utilizar nuestros Servicios dentro del periodo de notificaci\u00f3n designado, o una vez que los cambios entren en vigor.<\/p>\n<p>Tu uso continuado de nuestros Servicios estar\u00e1 sujeto a las nuevas condiciones.<\/p>\n\t\t\t\t\t\t\t\t<\/div>\n\t\t\t\t<\/div>\n\t\t\t\t<\/div>\n\t\t\t\t<\/div>\n\t\t","protected":false},"excerpt":{"rendered":"<p>Condiciones generales Estas Condiciones regulan tu acceso y uso de todos los contenidos, Productos y Servicios disponibles en el sitio web (el \u00abServicio\u00bb) operado por (\u00abnosotros\u00bb o \u00abnuestro\u00bb). Tu acceso a nuestros servicios est\u00e1 sujeto a tu aceptaci\u00f3n, sin modificaciones, de todos los t\u00e9rminos y condiciones aqu\u00ed contenidos y de todas las dem\u00e1s normas y [&hellip;]<\/p>\n","protected":false},"author":1,"featured_media":0,"parent":0,"menu_order":0,"comment_status":"closed","ping_status":"closed","template":"","meta":{"_acf_changed":false,"inline_featured_image":false,"footnotes":""},"class_list":["post-570","page","type-page","status-publish","hentry"],"acf":[],"_links":{"self":[{"href":"https:\/\/oliviafoundation.ronindev.today\/es\/wp-json\/wp\/v2\/pages\/570","targetHints":{"allow":["GET"]}}],"collection":[{"href":"https:\/\/oliviafoundation.ronindev.today\/es\/wp-json\/wp\/v2\/pages"}],"about":[{"href":"https:\/\/oliviafoundation.ronindev.today\/es\/wp-json\/wp\/v2\/types\/page"}],"author":[{"embeddable":true,"href":"https:\/\/oliviafoundation.ronindev.today\/es\/wp-json\/wp\/v2\/users\/1"}],"replies":[{"embeddable":true,"href":"https:\/\/oliviafoundation.ronindev.today\/es\/wp-json\/wp\/v2\/comments?post=570"}],"version-history":[{"count":2,"href":"https:\/\/oliviafoundation.ronindev.today\/es\/wp-json\/wp\/v2\/pages\/570\/revisions"}],"predecessor-version":[{"id":657,"href":"https:\/\/oliviafoundation.ronindev.today\/es\/wp-json\/wp\/v2\/pages\/570\/revisions\/657"}],"wp:attachment":[{"href":"https:\/\/oliviafoundation.ronindev.today\/es\/wp-json\/wp\/v2\/media?parent=570"}],"curies":[{"name":"wp","href":"https:\/\/api.w.org\/{rel}","templated":true}]}}