{"id":571,"date":"2024-02-24T03:20:19","date_gmt":"2024-02-24T09:20:19","guid":{"rendered":"https:\/\/oliviafoundation.mx\/visits\/"},"modified":"2025-01-15T16:04:32","modified_gmt":"2025-01-15T22:04:32","slug":"visits","status":"publish","type":"page","link":"https:\/\/oliviafoundation.ronindev.today\/es\/visits\/","title":{"rendered":"Visits"},"content":{"rendered":"\t\t<div data-elementor-type=\"wp-page\" data-elementor-id=\"571\" class=\"elementor elementor-571 elementor-127\" data-elementor-post-type=\"page\">\n\t\t\t\t<div class=\"elementor-element elementor-element-dac1163 e-con-full e-flex e-con e-parent\" data-id=\"dac1163\" data-element_type=\"container\" data-settings=\"{&quot;background_background&quot;:&quot;classic&quot;}\">\n\t\t\t\t<div class=\"elementor-element elementor-element-8f2be50 elementor-widget elementor-widget-text-editor\" data-id=\"8f2be50\" data-element_type=\"widget\" data-widget_type=\"text-editor.default\">\n\t\t\t\t<div class=\"elementor-widget-container\">\n\t\t\t\t\t\t\t\t\t<div class=\"page\" title=\"Page 2\"><div class=\"section\"><div class=\"layoutArea\"><div class=\"column\"><h2>Visitas<\/h2><\/div><div class=\"column\"><div><div>La Olivia Foundation est\u00e1 actualmente cerrada mientras preparamos nuestras pr\u00f3ximas exposiciones: \u00abWoman in a Rowboat\u00bb y \u00abSabine Moritz: ARA\u00bb, que abrir\u00e1n el 5 de febrero de 2025. Las exposiciones estar\u00e1n abiertas al p\u00fablico, sin cita previa, del 5 al 16 de febrero de 2025, entre las 11AM y las 6PM.<\/div><div>\u00a0<\/div><div>Las reservas para visitas se reanudar\u00e1n el 17 de febrero de 2025.<\/div><\/div><div>\u00a0<\/div><p><a class=\"strongo\" href=\"mailto:info@oliviafoundation.mx\">info@oliviafoundation.mx<\/a><\/p><\/div><\/div><\/div><\/div>\t\t\t\t\t\t\t\t<\/div>\n\t\t\t\t<\/div>\n\t\t\t\t<\/div>\n\t\t\t\t<\/div>\n\t\t","protected":false},"excerpt":{"rendered":"<p>Visitas La Olivia Foundation est\u00e1 actualmente cerrada mientras preparamos nuestras pr\u00f3ximas exposiciones: \u00abWoman in a Rowboat\u00bb y \u00abSabine Moritz: ARA\u00bb, que abrir\u00e1n el 5 de febrero de 2025. Las exposiciones estar\u00e1n abiertas al p\u00fablico, sin cita previa, del 5 al 16 de febrero de 2025, entre las 11AM y las 6PM.\u00a0Las reservas para visitas se [&hellip;]<\/p>\n","protected":false},"author":1,"featured_media":0,"parent":0,"menu_order":0,"comment_status":"closed","ping_status":"closed","template":"","meta":{"_acf_changed":false,"inline_featured_image":false,"footnotes":""},"class_list":["post-571","page","type-page","status-publish","hentry"],"acf":[],"_links":{"self":[{"href":"https:\/\/oliviafoundation.ronindev.today\/es\/wp-json\/wp\/v2\/pages\/571","targetHints":{"allow":["GET"]}}],"collection":[{"href":"https:\/\/oliviafoundation.ronindev.today\/es\/wp-json\/wp\/v2\/pages"}],"about":[{"href":"https:\/\/oliviafoundation.ronindev.today\/es\/wp-json\/wp\/v2\/types\/page"}],"author":[{"embeddable":true,"href":"https:\/\/oliviafoundation.ronindev.today\/es\/wp-json\/wp\/v2\/users\/1"}],"replies":[{"embeddable":true,"href":"https:\/\/oliviafoundation.ronindev.today\/es\/wp-json\/wp\/v2\/comments?post=571"}],"version-history":[{"count":37,"href":"https:\/\/oliviafoundation.ronindev.today\/es\/wp-json\/wp\/v2\/pages\/571\/revisions"}],"predecessor-version":[{"id":1614,"href":"https:\/\/oliviafoundation.ronindev.today\/es\/wp-json\/wp\/v2\/pages\/571\/revisions\/1614"}],"wp:attachment":[{"href":"https:\/\/oliviafoundation.ronindev.today\/es\/wp-json\/wp\/v2\/media?parent=571"}],"curies":[{"name":"wp","href":"https:\/\/api.w.org\/{rel}","templated":true}]}}